{"id":5176,"date":"2018-03-29T11:09:43","date_gmt":"2018-03-29T11:09:43","guid":{"rendered":"https:\/\/infraplan.hr\/publications\/"},"modified":"2026-04-02T14:32:25","modified_gmt":"2026-04-02T14:32:25","slug":"publikacije","status":"publish","type":"page","link":"https:\/\/infraplan.hr\/hr\/publikacije\/","title":{"rendered":"Na\u0161a rje\u0161enja"},"content":{"rendered":"\n<h1 class=\"wp-block-heading\">Predstavljamo bim-tile-overlay: open-source JavaScript biblioteke za integraciju karata u Autodesk APS Viewer<\/h1>\n\n\n\n<hr class=\"wp-block-separator has-alpha-channel-opacity\"\/>\n\n\n<p><strong>Izazov:<\/strong><br \/>Prilikom pregleda infrastrukturnih modela u web pregledniku \u010desto se gubi geografski kontekst. Pitanja poput:<br \/>&#8211; \u201eGdje se ova gra\u0111evina nalazi u odnosu na cestu?\u201d<br \/>&#8211; \u201eKoje su katastarske \u010destice obuhva\u0107ene?\u201d<br \/>&#8211; \u201eKako zapravo izgleda teren?\u201d<br \/>\u010desto ostaju bez odgovora.<\/p>\n<p><strong>Na\u0161e rje\u0161enje:<\/strong><br \/>bim-tile-overlay uvodi ravninu tla sinkroniziranu s kamerom koja besprijekorno prikazuje bilo koji izvor karte (OpenStreetMap, ortofoto snimke ili vlastite tileove) ispod va\u0161eg 3D modela.<br \/>Kako pomi\u010dete, zumirate ili rotirate 3D prikaz, karta se u stvarnom vremenu uskla\u0111uje s pogledom \u2013 pru\u017eaju\u0107i trenuta\u010dan geografski kontekst.<\/p>\n<p><strong>Tehni\u010dke zna\u010dajke:<\/strong><br \/><em>Koordinatna matematika<\/em>: Revit modeli koriste koordinate u stopama, \u010desto rotirane i translirane u odnosu na lokalni koordinatni sustav. Razvili smo rje\u0161enje koje osigurava precizno poravnanje.<br \/><em>Lagana implementacija<\/em>: oko 500 linija JavaScript koda.<br \/><em>MIT licenca<\/em>: slobodno za kori\u0161tenje, prilagodbu i integraciju.<br \/><em>Bez dodatnih ovisnosti u izvo\u0111enju<\/em>: koristi se samo proj4 (kao peer ovisnost) za rad s koordinatnim sustavima.<\/p>\n<p><strong>Za\u0161to je to va\u017eno:<\/strong><br \/>Omogu\u0107uje unaprije\u0111enje BIM procese uz geografski kontekst, \u0161to omogu\u0107uje lak\u0161u i realisti\u010dniju vizualizaciju projekata u stvarnom prostoru.<\/p>\n<p>Va\u0161e povratne informacije i prijedlozi su dobrodo\u0161li.<\/p>\n<p><a href=\"https:\/\/github.com\/infra-plan\/bim-tile-overlay\" target=\"_blank\" rel=\"noreferrer noopener\">GitHub Repository<\/a><\/p>\n<p><a href=\"https:\/\/www.npmjs.com\/package\/bim-tile-overlay\" target=\"_blank\" rel=\"noreferrer noopener\">npm<\/a><\/p>","protected":false},"excerpt":{"rendered":"<p>Predstavljamo bim-tile-overlay: open-source JavaScript biblioteke za integraciju karata u Autodesk APS Viewer Izazov:Prilikom pregleda infrastrukturnih modela u web pregledniku \u010desto se gubi geografski kontekst. Pitanja&#8230;<\/p>\n","protected":false},"author":1,"featured_media":4916,"parent":0,"menu_order":0,"comment_status":"closed","ping_status":"closed","template":"","meta":{"_acf_changed":false,"footnotes":""},"class_list":["post-5176","page","type-page","status-publish","has-post-thumbnail","hentry"],"acf":[],"yoast_head":"<!-- This site is optimized with the Yoast SEO plugin v27.3 - https:\/\/yoast.com\/product\/yoast-seo-wordpress\/ -->\n<title>Publikacije i istra\u017eiva\u010dki radovi | Infra Plan Consulting<\/title>\n<meta name=\"description\" content=\"Pregledajte znanstvene publikacije Infra Plan Consultinga o odr\u017eavanju \u017eeljeznice, upravljanju mostovima, klimatskim promjenama i analizi rizika infrastrukture.\" \/>\n<meta name=\"robots\" content=\"index, follow, max-snippet:-1, max-image-preview:large, max-video-preview:-1\" \/>\n<link rel=\"canonical\" href=\"https:\/\/infraplan.hr\/?page_id=134\" \/>\n<meta property=\"og:locale\" content=\"hr_HR\" \/>\n<meta property=\"og:type\" content=\"article\" \/>\n<meta property=\"og:title\" content=\"Publikacije i istra\u017eiva\u010dki radovi | Infra Plan Consulting\" \/>\n<meta property=\"og:description\" content=\"Pregledajte znanstvene publikacije Infra Plan Consultinga o odr\u017eavanju \u017eeljeznice, upravljanju mostovima, klimatskim promjenama i analizi rizika infrastrukture.\" \/>\n<meta property=\"og:url\" content=\"https:\/\/infraplan.hr\/?page_id=134\" \/>\n<meta property=\"og:site_name\" content=\"Infra Plan Consulting\" \/>\n<meta property=\"article:modified_time\" content=\"2026-04-02T14:32:25+00:00\" \/>\n<meta property=\"og:image\" content=\"https:\/\/infraplan.hr\/wp-content\/uploads\/2021\/11\/publications.jpg\" \/>\n\t<meta property=\"og:image:width\" content=\"2000\" \/>\n\t<meta property=\"og:image:height\" content=\"800\" \/>\n\t<meta property=\"og:image:type\" content=\"image\/jpeg\" \/>\n<meta name=\"twitter:card\" content=\"summary_large_image\" \/>\n<meta name=\"twitter:label1\" content=\"Procijenjeno vrijeme \u010ditanja\" \/>\n\t<meta name=\"twitter:data1\" content=\"2 minute\" \/>\n<script type=\"application\/ld+json\" class=\"yoast-schema-graph\">{\"@context\":\"https:\\\/\\\/schema.org\",\"@graph\":[{\"@type\":\"WebPage\",\"@id\":\"https:\\\/\\\/infraplan.hr\\\/?page_id=134\",\"url\":\"https:\\\/\\\/infraplan.hr\\\/?page_id=134\",\"name\":\"Publikacije i istra\u017eiva\u010dki radovi | Infra Plan Consulting\",\"isPartOf\":{\"@id\":\"https:\\\/\\\/infraplan.hr\\\/#website\"},\"primaryImageOfPage\":{\"@id\":\"https:\\\/\\\/infraplan.hr\\\/?page_id=134#primaryimage\"},\"image\":{\"@id\":\"https:\\\/\\\/infraplan.hr\\\/?page_id=134#primaryimage\"},\"thumbnailUrl\":\"https:\\\/\\\/infraplan.hr\\\/wp-content\\\/uploads\\\/2021\\\/11\\\/publications.jpg\",\"datePublished\":\"2018-03-29T11:09:43+00:00\",\"dateModified\":\"2026-04-02T14:32:25+00:00\",\"description\":\"Pregledajte znanstvene publikacije Infra Plan Consultinga o odr\u017eavanju \u017eeljeznice, upravljanju mostovima, klimatskim promjenama i analizi rizika infrastrukture.\",\"breadcrumb\":{\"@id\":\"https:\\\/\\\/infraplan.hr\\\/?page_id=134#breadcrumb\"},\"inLanguage\":\"hr\",\"potentialAction\":[{\"@type\":\"ReadAction\",\"target\":[\"https:\\\/\\\/infraplan.hr\\\/?page_id=134\"]}]},{\"@type\":\"ImageObject\",\"inLanguage\":\"hr\",\"@id\":\"https:\\\/\\\/infraplan.hr\\\/?page_id=134#primaryimage\",\"url\":\"https:\\\/\\\/infraplan.hr\\\/wp-content\\\/uploads\\\/2021\\\/11\\\/publications.jpg\",\"contentUrl\":\"https:\\\/\\\/infraplan.hr\\\/wp-content\\\/uploads\\\/2021\\\/11\\\/publications.jpg\",\"width\":2000,\"height\":800},{\"@type\":\"BreadcrumbList\",\"@id\":\"https:\\\/\\\/infraplan.hr\\\/?page_id=134#breadcrumb\",\"itemListElement\":[{\"@type\":\"ListItem\",\"position\":1,\"name\":\"Home\",\"item\":\"https:\\\/\\\/infraplan.hr\\\/hr\\\/\"},{\"@type\":\"ListItem\",\"position\":2,\"name\":\"Na\u0161a rje\u0161enja\"}]},{\"@type\":\"WebSite\",\"@id\":\"https:\\\/\\\/infraplan.hr\\\/#website\",\"url\":\"https:\\\/\\\/infraplan.hr\\\/\",\"name\":\"Infra Plan Consulting\",\"description\":\"\",\"publisher\":{\"@id\":\"https:\\\/\\\/infraplan.hr\\\/#organization\"},\"potentialAction\":[{\"@type\":\"SearchAction\",\"target\":{\"@type\":\"EntryPoint\",\"urlTemplate\":\"https:\\\/\\\/infraplan.hr\\\/?s={search_term_string}\"},\"query-input\":{\"@type\":\"PropertyValueSpecification\",\"valueRequired\":true,\"valueName\":\"search_term_string\"}}],\"inLanguage\":\"hr\"},{\"@type\":\"Organization\",\"@id\":\"https:\\\/\\\/infraplan.hr\\\/#organization\",\"name\":\"Infra Plan Consulting\",\"url\":\"https:\\\/\\\/infraplan.hr\\\/\",\"logo\":{\"@type\":\"ImageObject\",\"inLanguage\":\"hr\",\"@id\":\"https:\\\/\\\/infraplan.hr\\\/#\\\/schema\\\/logo\\\/image\\\/\",\"url\":\"https:\\\/\\\/dev.infraplan.hr\\\/wp-content\\\/uploads\\\/2021\\\/09\\\/logo-300.png\",\"contentUrl\":\"https:\\\/\\\/dev.infraplan.hr\\\/wp-content\\\/uploads\\\/2021\\\/09\\\/logo-300.png\",\"width\":350,\"height\":120,\"caption\":\"Infra Plan Consulting\"},\"image\":{\"@id\":\"https:\\\/\\\/infraplan.hr\\\/#\\\/schema\\\/logo\\\/image\\\/\"}}]}<\/script>\n<!-- \/ Yoast SEO plugin. -->","yoast_head_json":{"title":"Publikacije i istra\u017eiva\u010dki radovi | Infra Plan Consulting","description":"Pregledajte znanstvene publikacije Infra Plan Consultinga o odr\u017eavanju \u017eeljeznice, upravljanju mostovima, klimatskim promjenama i analizi rizika infrastrukture.","robots":{"index":"index","follow":"follow","max-snippet":"max-snippet:-1","max-image-preview":"max-image-preview:large","max-video-preview":"max-video-preview:-1"},"canonical":"https:\/\/infraplan.hr\/?page_id=134","og_locale":"hr_HR","og_type":"article","og_title":"Publikacije i istra\u017eiva\u010dki radovi | Infra Plan Consulting","og_description":"Pregledajte znanstvene publikacije Infra Plan Consultinga o odr\u017eavanju \u017eeljeznice, upravljanju mostovima, klimatskim promjenama i analizi rizika infrastrukture.","og_url":"https:\/\/infraplan.hr\/?page_id=134","og_site_name":"Infra Plan Consulting","article_modified_time":"2026-04-02T14:32:25+00:00","og_image":[{"width":2000,"height":800,"url":"https:\/\/infraplan.hr\/wp-content\/uploads\/2021\/11\/publications.jpg","type":"image\/jpeg"}],"twitter_card":"summary_large_image","twitter_misc":{"Procijenjeno vrijeme \u010ditanja":"2 minute"},"schema":{"@context":"https:\/\/schema.org","@graph":[{"@type":"WebPage","@id":"https:\/\/infraplan.hr\/?page_id=134","url":"https:\/\/infraplan.hr\/?page_id=134","name":"Publikacije i istra\u017eiva\u010dki radovi | Infra Plan Consulting","isPartOf":{"@id":"https:\/\/infraplan.hr\/#website"},"primaryImageOfPage":{"@id":"https:\/\/infraplan.hr\/?page_id=134#primaryimage"},"image":{"@id":"https:\/\/infraplan.hr\/?page_id=134#primaryimage"},"thumbnailUrl":"https:\/\/infraplan.hr\/wp-content\/uploads\/2021\/11\/publications.jpg","datePublished":"2018-03-29T11:09:43+00:00","dateModified":"2026-04-02T14:32:25+00:00","description":"Pregledajte znanstvene publikacije Infra Plan Consultinga o odr\u017eavanju \u017eeljeznice, upravljanju mostovima, klimatskim promjenama i analizi rizika infrastrukture.","breadcrumb":{"@id":"https:\/\/infraplan.hr\/?page_id=134#breadcrumb"},"inLanguage":"hr","potentialAction":[{"@type":"ReadAction","target":["https:\/\/infraplan.hr\/?page_id=134"]}]},{"@type":"ImageObject","inLanguage":"hr","@id":"https:\/\/infraplan.hr\/?page_id=134#primaryimage","url":"https:\/\/infraplan.hr\/wp-content\/uploads\/2021\/11\/publications.jpg","contentUrl":"https:\/\/infraplan.hr\/wp-content\/uploads\/2021\/11\/publications.jpg","width":2000,"height":800},{"@type":"BreadcrumbList","@id":"https:\/\/infraplan.hr\/?page_id=134#breadcrumb","itemListElement":[{"@type":"ListItem","position":1,"name":"Home","item":"https:\/\/infraplan.hr\/hr\/"},{"@type":"ListItem","position":2,"name":"Na\u0161a rje\u0161enja"}]},{"@type":"WebSite","@id":"https:\/\/infraplan.hr\/#website","url":"https:\/\/infraplan.hr\/","name":"Infra Plan Consulting","description":"","publisher":{"@id":"https:\/\/infraplan.hr\/#organization"},"potentialAction":[{"@type":"SearchAction","target":{"@type":"EntryPoint","urlTemplate":"https:\/\/infraplan.hr\/?s={search_term_string}"},"query-input":{"@type":"PropertyValueSpecification","valueRequired":true,"valueName":"search_term_string"}}],"inLanguage":"hr"},{"@type":"Organization","@id":"https:\/\/infraplan.hr\/#organization","name":"Infra Plan Consulting","url":"https:\/\/infraplan.hr\/","logo":{"@type":"ImageObject","inLanguage":"hr","@id":"https:\/\/infraplan.hr\/#\/schema\/logo\/image\/","url":"https:\/\/dev.infraplan.hr\/wp-content\/uploads\/2021\/09\/logo-300.png","contentUrl":"https:\/\/dev.infraplan.hr\/wp-content\/uploads\/2021\/09\/logo-300.png","width":350,"height":120,"caption":"Infra Plan Consulting"},"image":{"@id":"https:\/\/infraplan.hr\/#\/schema\/logo\/image\/"}}]}},"_links":{"self":[{"href":"https:\/\/infraplan.hr\/hr\/wp-json\/wp\/v2\/pages\/5176","targetHints":{"allow":["GET"]}}],"collection":[{"href":"https:\/\/infraplan.hr\/hr\/wp-json\/wp\/v2\/pages"}],"about":[{"href":"https:\/\/infraplan.hr\/hr\/wp-json\/wp\/v2\/types\/page"}],"author":[{"embeddable":true,"href":"https:\/\/infraplan.hr\/hr\/wp-json\/wp\/v2\/users\/1"}],"replies":[{"embeddable":true,"href":"https:\/\/infraplan.hr\/hr\/wp-json\/wp\/v2\/comments?post=5176"}],"version-history":[{"count":0,"href":"https:\/\/infraplan.hr\/hr\/wp-json\/wp\/v2\/pages\/5176\/revisions"}],"wp:featuredmedia":[{"embeddable":true,"href":"https:\/\/infraplan.hr\/hr\/wp-json\/wp\/v2\/media\/4916"}],"wp:attachment":[{"href":"https:\/\/infraplan.hr\/hr\/wp-json\/wp\/v2\/media?parent=5176"}],"curies":[{"name":"wp","href":"https:\/\/api.w.org\/{rel}","templated":true}]}}